{"id":332,"date":"2025-09-06T17:48:08","date_gmt":"2025-09-06T14:48:08","guid":{"rendered":"https:\/\/giyimtoptanciniz.com\/?post_type=product&#038;p=332"},"modified":"2025-09-06T17:48:08","modified_gmt":"2025-09-06T14:48:08","slug":"toptan-desenli-battal-beden-tek-alt-pijama-4","status":"publish","type":"product","link":"https:\/\/giyimtoptanciniz.com\/?product=toptan-desenli-battal-beden-tek-alt-pijama-4","title":{"rendered":"Toptan Desenli Battal Beden Tek Alt Pijama"},"content":{"rendered":"<div class=\"wp-block-woocommerce-product-details alignwide is-style-minimal\" data-block-name=\"woocommerce\/product-details\">\n<div>\n<div class=\"woocommerce-tabs wc-tabs-wrapper\">\n<div id=\"tab-description\" class=\"woocommerce-Tabs-panel woocommerce-Tabs-panel--description panel entry-content wc-tab\" role=\"tabpanel\" aria-labelledby=\"tab-title-description\">\n<p data-start=\"263\" data-end=\"596\">Toptan desenli tek alt pijama modellerimiz, rahatl\u0131\u011f\u0131 ve \u015f\u0131kl\u0131\u011f\u0131 bir araya getirerek g\u00fcnl\u00fck kullan\u0131m i\u00e7in ideal bir tercih sunar. Yumu\u015fak dokulu kuma\u015f\u0131 sayesinde cildinizde ekstra konfor hissi yarat\u0131r. Farkl\u0131 desen ve renk se\u00e7enekleriyle her zevke hitap eden pijama altlar\u0131, hem evde hem de uyku zaman\u0131nda maksimum rahatl\u0131k sa\u011flar.<\/p>\n<ul data-start=\"598\" data-end=\"739\">\n<li data-start=\"598\" data-end=\"642\">\n<p data-start=\"600\" data-end=\"642\">%100 pamuk ve kaliteli kuma\u015f se\u00e7enekleri<\/p>\n<\/li>\n<li data-start=\"643\" data-end=\"671\">\n<p data-start=\"645\" data-end=\"671\">Modern ve trend desenler<\/p>\n<\/li>\n<li data-start=\"672\" data-end=\"708\">\n<p data-start=\"674\" data-end=\"708\">Rahat kesim ve esnek bel lasti\u011fi<\/p>\n<\/li>\n<li data-start=\"709\" data-end=\"739\">\n<p data-start=\"711\" data-end=\"739\">Her mevsim kullan\u0131ma uygun<\/p>\n<\/li>\n<\/ul>\n<p data-start=\"741\" data-end=\"908\">Uygun fiyatl\u0131 ve kaliteli\u00a0<strong data-start=\"767\" data-end=\"789\">toptan pijama alt\u0131<\/strong>\u00a0arayanlar i\u00e7in en do\u011fru adres! Bayi ve ma\u011fazalar i\u00e7in cazip toptan sat\u0131\u015f f\u0131rsatlar\u0131yla stoklar\u0131n\u0131z\u0131 hemen yenileyin.<\/p>\n<\/div>\n<\/div>\n<\/div>\n<\/div>\n<div class=\"wp-block-woocommerce-product-collection alignwide is-layout-flow wp-block-product-collection-is-layout-flow\" data-wp-context=\"{&quot;notices&quot;:[],&quot;collection&quot;:&quot;woocommerce\\\/product-collection\\\/related&quot;}\" data-wp-init=\"callbacks.onRender\" data-wp-interactive=\"woocommerce\/product-collection\" data-wp-router-region=\"wc-product-collection-0\" data-__private-preview-state=\"{&quot;isPreview&quot;:true,&quot;previewMessage&quot;:&quot;As\\u0131l \\u00fcr\\u00fcnler, g\\u00f6r\\u00fcnt\\u00fclenen \\u00fcr\\u00fcne g\\u00f6re de\\u011fi\\u015fiklik g\\u00f6sterir.&quot;}\" data-block-name=\"woocommerce\/product-collection\" data-collection=\"woocommerce\/product-collection\/related\" data-dimensions=\"{&quot;widthType&quot;:&quot;fill&quot;}\" data-display-layout=\"{&quot;type&quot;:&quot;flex&quot;,&quot;columns&quot;:5,&quot;shrinkColumns&quot;:false}\" data-hide-controls=\"[&quot;inherit&quot;]\" data-query-context-includes=\"[&quot;collection&quot;]\" data-query-id=\"0\" data-query=\"{&quot;perPage&quot;:5,&quot;pages&quot;:1,&quot;offset&quot;:0,&quot;postType&quot;:&quot;product&quot;,&quot;order&quot;:&quot;asc&quot;,&quot;orderBy&quot;:&quot;title&quot;,&quot;search&quot;:&quot;&quot;,&quot;exclude&quot;:[],&quot;inherit&quot;:false,&quot;taxQuery&quot;:[],&quot;isProductCollectionBlock&quot;:true,&quot;featured&quot;:false,&quot;woocommerceOnSale&quot;:false,&quot;woocommerceStockStatus&quot;:[&quot;instock&quot;,&quot;onbackorder&quot;],&quot;woocommerceAttributes&quot;:[],&quot;woocommerceHandPickedProducts&quot;:[],&quot;filterable&quot;:false,&quot;relatedBy&quot;:{&quot;categories&quot;:true,&quot;tags&quot;:true}}\" data-tag-name=\"div\">\n<div class=\"wc-block-components-notices alignwide\" data-wp-interactive=\"woocommerce\/store-notices\"><\/div>\n<\/div>\n","protected":false},"excerpt":{"rendered":"<div class=\"wp-block-post-excerpt\">\n<p class=\"wp-block-post-excerpt__excerpt\">%100 pamuk ve kaliteli kuma\u015f se\u00e7enekleri\u00a0 Modern ve trend desenler\u00a0 Rahat kesim ve esnek bel lasti\u011fi\u00a0 Her mevsim kullan\u0131ma uygun<\/p>\n<\/div>\n","protected":false},"featured_media":333,"comment_status":"open","ping_status":"closed","template":"","meta":[],"product_brand":[],"product_cat":[25],"product_tag":[],"class_list":{"0":"post-332","1":"product","2":"type-product","3":"status-publish","4":"has-post-thumbnail","6":"product_cat-tek-alt-pijama","8":"first","9":"instock","10":"sold-individually","11":"shipping-taxable","12":"purchasable","13":"product-type-simple"},"yoast_head":"<!-- This site is optimized with the Yoast SEO plugin v25.9 - https:\/\/yoast.com\/wordpress\/plugins\/seo\/ -->\n<title>Toptan Desenli Battal Beden Tek Alt Pijama - Giyim Toptanc\u0131n\u0131z<\/title>\n<meta name=\"robots\" content=\"index, follow, max-snippet:-1, max-image-preview:large, max-video-preview:-1\" \/>\n<link rel=\"canonical\" href=\"https:\/\/giyimtoptanciniz.com\/?product=toptan-desenli-battal-beden-tek-alt-pijama-4\" \/>\n<meta property=\"og:locale\" content=\"tr_TR\" \/>\n<meta property=\"og:type\" content=\"article\" \/>\n<meta property=\"og:title\" content=\"Toptan Desenli Battal Beden Tek Alt Pijama - Giyim Toptanc\u0131n\u0131z\" \/>\n<meta property=\"og:description\" content=\"%100 pamuk ve kaliteli kuma\u015f se\u00e7enekleri\u00a0 Modern ve trend desenler\u00a0 Rahat kesim ve esnek bel lasti\u011fi\u00a0 Her mevsim kullan\u0131ma uygun\" \/>\n<meta property=\"og:url\" content=\"https:\/\/giyimtoptanciniz.com\/?product=toptan-desenli-battal-beden-tek-alt-pijama-4\" \/>\n<meta property=\"og:site_name\" content=\"Giyim Toptanc\u0131n\u0131z\" \/>\n<meta property=\"article:publisher\" content=\"https:\/\/www.facebook.com\/profile.php?id=61556286356754\" \/>\n<meta property=\"og:image\" content=\"https:\/\/giyimtoptanciniz.com\/wp-content\/uploads\/2025\/09\/WhatsApp-Image-2025-09-05-at-11.23.53-2.jpeg\" \/>\n\t<meta property=\"og:image:width\" content=\"1536\" \/>\n\t<meta property=\"og:image:height\" content=\"2048\" \/>\n\t<meta property=\"og:image:type\" content=\"image\/jpeg\" \/>\n<meta name=\"twitter:card\" content=\"summary_large_image\" \/>\n<meta name=\"twitter:label1\" content=\"Tahmini okuma s\u00fcresi\" \/>\n\t<meta name=\"twitter:data1\" content=\"1 dakika\" \/>\n<script type=\"application\/ld+json\" class=\"yoast-schema-graph\">{\"@context\":\"https:\/\/schema.org\",\"@graph\":[{\"@type\":\"WebPage\",\"@id\":\"https:\/\/giyimtoptanciniz.com\/?product=toptan-desenli-battal-beden-tek-alt-pijama-4\",\"url\":\"https:\/\/giyimtoptanciniz.com\/?product=toptan-desenli-battal-beden-tek-alt-pijama-4\",\"name\":\"Toptan Desenli Battal Beden Tek Alt Pijama - Giyim Toptanc\u0131n\u0131z\",\"isPartOf\":{\"@id\":\"https:\/\/giyimtoptanciniz.com\/#website\"},\"primaryImageOfPage\":{\"@id\":\"https:\/\/giyimtoptanciniz.com\/?product=toptan-desenli-battal-beden-tek-alt-pijama-4#primaryimage\"},\"image\":{\"@id\":\"https:\/\/giyimtoptanciniz.com\/?product=toptan-desenli-battal-beden-tek-alt-pijama-4#primaryimage\"},\"thumbnailUrl\":\"https:\/\/giyimtoptanciniz.com\/wp-content\/uploads\/2025\/09\/WhatsApp-Image-2025-09-05-at-11.23.53-2.jpeg\",\"datePublished\":\"2025-09-06T14:48:08+00:00\",\"breadcrumb\":{\"@id\":\"https:\/\/giyimtoptanciniz.com\/?product=toptan-desenli-battal-beden-tek-alt-pijama-4#breadcrumb\"},\"inLanguage\":\"tr\",\"potentialAction\":[{\"@type\":\"ReadAction\",\"target\":[\"https:\/\/giyimtoptanciniz.com\/?product=toptan-desenli-battal-beden-tek-alt-pijama-4\"]}]},{\"@type\":\"ImageObject\",\"inLanguage\":\"tr\",\"@id\":\"https:\/\/giyimtoptanciniz.com\/?product=toptan-desenli-battal-beden-tek-alt-pijama-4#primaryimage\",\"url\":\"https:\/\/giyimtoptanciniz.com\/wp-content\/uploads\/2025\/09\/WhatsApp-Image-2025-09-05-at-11.23.53-2.jpeg\",\"contentUrl\":\"https:\/\/giyimtoptanciniz.com\/wp-content\/uploads\/2025\/09\/WhatsApp-Image-2025-09-05-at-11.23.53-2.jpeg\",\"width\":1536,\"height\":2048},{\"@type\":\"BreadcrumbList\",\"@id\":\"https:\/\/giyimtoptanciniz.com\/?product=toptan-desenli-battal-beden-tek-alt-pijama-4#breadcrumb\",\"itemListElement\":[{\"@type\":\"ListItem\",\"position\":1,\"name\":\"Anasayfa\",\"item\":\"https:\/\/giyimtoptanciniz.com\/\"},{\"@type\":\"ListItem\",\"position\":2,\"name\":\"Ma\u011faza\",\"item\":\"https:\/\/giyimtoptanciniz.com\/?page_id=8\"},{\"@type\":\"ListItem\",\"position\":3,\"name\":\"Toptan Desenli Battal Beden Tek Alt Pijama\"}]},{\"@type\":\"WebSite\",\"@id\":\"https:\/\/giyimtoptanciniz.com\/#website\",\"url\":\"https:\/\/giyimtoptanciniz.com\/\",\"name\":\"Giyim Toptanc\u0131n\u0131z\",\"description\":\"\",\"potentialAction\":[{\"@type\":\"SearchAction\",\"target\":{\"@type\":\"EntryPoint\",\"urlTemplate\":\"https:\/\/giyimtoptanciniz.com\/?s={search_term_string}\"},\"query-input\":{\"@type\":\"PropertyValueSpecification\",\"valueRequired\":true,\"valueName\":\"search_term_string\"}}],\"inLanguage\":\"tr\"}]}<\/script>\n<!-- \/ Yoast SEO plugin. -->","yoast_head_json":{"title":"Toptan Desenli Battal Beden Tek Alt Pijama - Giyim Toptanc\u0131n\u0131z","robots":{"index":"index","follow":"follow","max-snippet":"max-snippet:-1","max-image-preview":"max-image-preview:large","max-video-preview":"max-video-preview:-1"},"canonical":"https:\/\/giyimtoptanciniz.com\/?product=toptan-desenli-battal-beden-tek-alt-pijama-4","og_locale":"tr_TR","og_type":"article","og_title":"Toptan Desenli Battal Beden Tek Alt Pijama - Giyim Toptanc\u0131n\u0131z","og_description":"%100 pamuk ve kaliteli kuma\u015f se\u00e7enekleri\u00a0 Modern ve trend desenler\u00a0 Rahat kesim ve esnek bel lasti\u011fi\u00a0 Her mevsim kullan\u0131ma uygun","og_url":"https:\/\/giyimtoptanciniz.com\/?product=toptan-desenli-battal-beden-tek-alt-pijama-4","og_site_name":"Giyim Toptanc\u0131n\u0131z","article_publisher":"https:\/\/www.facebook.com\/profile.php?id=61556286356754","og_image":[{"width":1536,"height":2048,"url":"https:\/\/giyimtoptanciniz.com\/wp-content\/uploads\/2025\/09\/WhatsApp-Image-2025-09-05-at-11.23.53-2.jpeg","type":"image\/jpeg"}],"twitter_card":"summary_large_image","twitter_misc":{"Tahmini okuma s\u00fcresi":"1 dakika"},"schema":{"@context":"https:\/\/schema.org","@graph":[{"@type":"WebPage","@id":"https:\/\/giyimtoptanciniz.com\/?product=toptan-desenli-battal-beden-tek-alt-pijama-4","url":"https:\/\/giyimtoptanciniz.com\/?product=toptan-desenli-battal-beden-tek-alt-pijama-4","name":"Toptan Desenli Battal Beden Tek Alt Pijama - Giyim Toptanc\u0131n\u0131z","isPartOf":{"@id":"https:\/\/giyimtoptanciniz.com\/#website"},"primaryImageOfPage":{"@id":"https:\/\/giyimtoptanciniz.com\/?product=toptan-desenli-battal-beden-tek-alt-pijama-4#primaryimage"},"image":{"@id":"https:\/\/giyimtoptanciniz.com\/?product=toptan-desenli-battal-beden-tek-alt-pijama-4#primaryimage"},"thumbnailUrl":"https:\/\/giyimtoptanciniz.com\/wp-content\/uploads\/2025\/09\/WhatsApp-Image-2025-09-05-at-11.23.53-2.jpeg","datePublished":"2025-09-06T14:48:08+00:00","breadcrumb":{"@id":"https:\/\/giyimtoptanciniz.com\/?product=toptan-desenli-battal-beden-tek-alt-pijama-4#breadcrumb"},"inLanguage":"tr","potentialAction":[{"@type":"ReadAction","target":["https:\/\/giyimtoptanciniz.com\/?product=toptan-desenli-battal-beden-tek-alt-pijama-4"]}]},{"@type":"ImageObject","inLanguage":"tr","@id":"https:\/\/giyimtoptanciniz.com\/?product=toptan-desenli-battal-beden-tek-alt-pijama-4#primaryimage","url":"https:\/\/giyimtoptanciniz.com\/wp-content\/uploads\/2025\/09\/WhatsApp-Image-2025-09-05-at-11.23.53-2.jpeg","contentUrl":"https:\/\/giyimtoptanciniz.com\/wp-content\/uploads\/2025\/09\/WhatsApp-Image-2025-09-05-at-11.23.53-2.jpeg","width":1536,"height":2048},{"@type":"BreadcrumbList","@id":"https:\/\/giyimtoptanciniz.com\/?product=toptan-desenli-battal-beden-tek-alt-pijama-4#breadcrumb","itemListElement":[{"@type":"ListItem","position":1,"name":"Anasayfa","item":"https:\/\/giyimtoptanciniz.com\/"},{"@type":"ListItem","position":2,"name":"Ma\u011faza","item":"https:\/\/giyimtoptanciniz.com\/?page_id=8"},{"@type":"ListItem","position":3,"name":"Toptan Desenli Battal Beden Tek Alt Pijama"}]},{"@type":"WebSite","@id":"https:\/\/giyimtoptanciniz.com\/#website","url":"https:\/\/giyimtoptanciniz.com\/","name":"Giyim Toptanc\u0131n\u0131z","description":"","potentialAction":[{"@type":"SearchAction","target":{"@type":"EntryPoint","urlTemplate":"https:\/\/giyimtoptanciniz.com\/?s={search_term_string}"},"query-input":{"@type":"PropertyValueSpecification","valueRequired":true,"valueName":"search_term_string"}}],"inLanguage":"tr"}]}},"_links":{"self":[{"href":"https:\/\/giyimtoptanciniz.com\/index.php?rest_route=\/wp\/v2\/product\/332","targetHints":{"allow":["GET"]}}],"collection":[{"href":"https:\/\/giyimtoptanciniz.com\/index.php?rest_route=\/wp\/v2\/product"}],"about":[{"href":"https:\/\/giyimtoptanciniz.com\/index.php?rest_route=\/wp\/v2\/types\/product"}],"replies":[{"embeddable":true,"href":"https:\/\/giyimtoptanciniz.com\/index.php?rest_route=%2Fwp%2Fv2%2Fcomments&post=332"}],"wp:featuredmedia":[{"embeddable":true,"href":"https:\/\/giyimtoptanciniz.com\/index.php?rest_route=\/wp\/v2\/media\/333"}],"wp:attachment":[{"href":"https:\/\/giyimtoptanciniz.com\/index.php?rest_route=%2Fwp%2Fv2%2Fmedia&parent=332"}],"wp:term":[{"taxonomy":"product_brand","embeddable":true,"href":"https:\/\/giyimtoptanciniz.com\/index.php?rest_route=%2Fwp%2Fv2%2Fproduct_brand&post=332"},{"taxonomy":"product_cat","embeddable":true,"href":"https:\/\/giyimtoptanciniz.com\/index.php?rest_route=%2Fwp%2Fv2%2Fproduct_cat&post=332"},{"taxonomy":"product_tag","embeddable":true,"href":"https:\/\/giyimtoptanciniz.com\/index.php?rest_route=%2Fwp%2Fv2%2Fproduct_tag&post=332"}],"curies":[{"name":"wp","href":"https:\/\/api.w.org\/{rel}","templated":true}]}}