{"id":279,"date":"2025-09-05T10:06:57","date_gmt":"2025-09-05T07:06:57","guid":{"rendered":"https:\/\/giyimtoptanciniz.com\/?post_type=product&#038;p=279"},"modified":"2025-09-05T10:07:50","modified_gmt":"2025-09-05T07:07:50","slug":"iki-iplik-gri-paca-lastikli-esofman-alti","status":"publish","type":"product","link":"https:\/\/giyimtoptanciniz.com\/?product=iki-iplik-gri-paca-lastikli-esofman-alti","title":{"rendered":"\u0130ki iplik \u2013 Gri Pa\u00e7a Lastikli E\u015fofman Alt\u0131"},"content":{"rendered":"<div class=\"wp-block-woocommerce-product-details alignwide is-style-minimal\" data-block-name=\"woocommerce\/product-details\">\n<div>\n<div class=\"woocommerce-tabs wc-tabs-wrapper\">\n<div id=\"tab-description\" class=\"woocommerce-Tabs-panel woocommerce-Tabs-panel--description panel entry-content wc-tab\" role=\"tabpanel\" aria-labelledby=\"tab-title-description\">\n<p data-start=\"104\" data-end=\"421\"><strong data-start=\"104\" data-end=\"144\">\u0130ki \u0130plik Pa\u00e7a Lastikli E\u015fofman Alt\u0131<\/strong><br data-start=\"144\" data-end=\"147\" \/>G\u00fcnl\u00fck kullan\u0131m i\u00e7in konfor ve \u015f\u0131kl\u0131\u011f\u0131 bir arada sunan iki iplik pa\u00e7a lastikli e\u015fofman alt\u0131, yumu\u015fak kuma\u015f dokusu sayesinde g\u00fcn boyu rahat hareket etmenizi sa\u011flar. Lastikli pa\u00e7a detay\u0131 ile modern bir g\u00f6r\u00fcn\u00fcm sunarken, bele oturan esnek yap\u0131s\u0131 sayesinde v\u00fccuda uyum sa\u011flar.<\/p>\n<ul data-start=\"423\" data-end=\"581\">\n<li data-start=\"423\" data-end=\"452\">\n<p data-start=\"425\" data-end=\"452\"><strong data-start=\"425\" data-end=\"440\">Kuma\u015f T\u00fcr\u00fc:<\/strong>\u00a0\u0130ki iplik<\/p>\n<\/li>\n<li data-start=\"453\" data-end=\"480\">\n<p data-start=\"455\" data-end=\"480\"><strong data-start=\"455\" data-end=\"469\">Pa\u00e7a Tipi:<\/strong>\u00a0Lastikli<\/p>\n<\/li>\n<li data-start=\"481\" data-end=\"536\">\n<p data-start=\"483\" data-end=\"536\"><strong data-start=\"483\" data-end=\"502\">Kullan\u0131m Alan\u0131:<\/strong>\u00a0Spor, g\u00fcnl\u00fck stil, ev rahatl\u0131\u011f\u0131<\/p>\n<\/li>\n<li data-start=\"537\" data-end=\"581\">\n<p data-start=\"539\" data-end=\"581\"><strong data-start=\"539\" data-end=\"551\">\u00d6zellik:<\/strong>\u00a0Nefes alabilen, rahat kal\u0131p<\/p>\n<\/li>\n<\/ul>\n<p data-start=\"583\" data-end=\"705\">Tarz\u0131n\u0131z\u0131 tamamlayacak bu e\u015fofman alt\u0131, hem spor kombinlerinizde hem de g\u00fcnl\u00fck \u015f\u0131kl\u0131\u011f\u0131n\u0131zda vazge\u00e7ilmez par\u00e7an\u0131z olacak.<\/p>\n<\/div>\n<\/div>\n<\/div>\n<\/div>\n<div class=\"wp-block-woocommerce-product-collection alignwide is-layout-flow wp-block-product-collection-is-layout-flow\" data-wp-context=\"{&quot;notices&quot;:[],&quot;collection&quot;:&quot;woocommerce\\\/product-collection\\\/related&quot;}\" data-wp-init=\"callbacks.onRender\" data-wp-interactive=\"woocommerce\/product-collection\" data-wp-router-region=\"wc-product-collection-0\" data-__private-preview-state=\"{&quot;isPreview&quot;:true,&quot;previewMessage&quot;:&quot;As\\u0131l \\u00fcr\\u00fcnler, g\\u00f6r\\u00fcnt\\u00fclenen \\u00fcr\\u00fcne g\\u00f6re de\\u011fi\\u015fiklik g\\u00f6sterir.&quot;}\" data-block-name=\"woocommerce\/product-collection\" data-collection=\"woocommerce\/product-collection\/related\" data-dimensions=\"{&quot;widthType&quot;:&quot;fill&quot;}\" data-display-layout=\"{&quot;type&quot;:&quot;flex&quot;,&quot;columns&quot;:5,&quot;shrinkColumns&quot;:false}\" data-hide-controls=\"[&quot;inherit&quot;]\" data-query-context-includes=\"[&quot;collection&quot;]\" data-query-id=\"0\" data-query=\"{&quot;perPage&quot;:5,&quot;pages&quot;:1,&quot;offset&quot;:0,&quot;postType&quot;:&quot;product&quot;,&quot;order&quot;:&quot;asc&quot;,&quot;orderBy&quot;:&quot;title&quot;,&quot;search&quot;:&quot;&quot;,&quot;exclude&quot;:[],&quot;inherit&quot;:false,&quot;taxQuery&quot;:[],&quot;isProductCollectionBlock&quot;:true,&quot;featured&quot;:false,&quot;woocommerceOnSale&quot;:false,&quot;woocommerceStockStatus&quot;:[&quot;instock&quot;,&quot;onbackorder&quot;],&quot;woocommerceAttributes&quot;:[],&quot;woocommerceHandPickedProducts&quot;:[],&quot;filterable&quot;:false,&quot;relatedBy&quot;:{&quot;categories&quot;:true,&quot;tags&quot;:true}}\" data-tag-name=\"div\">\n<div class=\"wc-block-components-notices alignwide\" data-wp-interactive=\"woocommerce\/store-notices\"><\/div>\n<\/div>\n","protected":false},"excerpt":{"rendered":"<p data-start=\"425\" data-end=\"452\"><strong data-start=\"425\" data-end=\"440\">Kuma\u015f T\u00fcr\u00fc:<\/strong>\u00a0\u0130ki iplik<br \/>\n<strong data-start=\"455\" data-end=\"469\">Pa\u00e7a Tipi:<\/strong>\u00a0Lastikli<br \/>\n<strong data-start=\"483\" data-end=\"502\">Kullan\u0131m Alan\u0131:<\/strong>\u00a0Spor, g\u00fcnl\u00fck stil, ev rahatl\u0131\u011f\u0131<br \/>\n<strong data-start=\"539\" data-end=\"551\">\u00d6zellik:<\/strong>\u00a0Nefes alabilen, rahat kal\u0131p<\/p>\n","protected":false},"featured_media":280,"comment_status":"open","ping_status":"closed","template":"","meta":[],"product_brand":[],"product_cat":[24],"product_tag":[],"class_list":{"0":"post-279","1":"product","2":"type-product","3":"status-publish","4":"has-post-thumbnail","6":"product_cat-esofman-alti","8":"first","9":"instock","10":"sold-individually","11":"shipping-taxable","12":"purchasable","13":"product-type-simple"},"yoast_head":"<!-- This site is optimized with the Yoast SEO plugin v25.9 - https:\/\/yoast.com\/wordpress\/plugins\/seo\/ -->\n<title>\u0130ki iplik \u2013 Gri Pa\u00e7a Lastikli E\u015fofman Alt\u0131 - Giyim Toptanc\u0131n\u0131z<\/title>\n<meta name=\"robots\" content=\"index, follow, max-snippet:-1, max-image-preview:large, max-video-preview:-1\" \/>\n<link rel=\"canonical\" href=\"https:\/\/giyimtoptanciniz.com\/?product=iki-iplik-gri-paca-lastikli-esofman-alti\" \/>\n<meta property=\"og:locale\" content=\"tr_TR\" \/>\n<meta property=\"og:type\" content=\"article\" \/>\n<meta property=\"og:title\" content=\"\u0130ki iplik \u2013 Gri Pa\u00e7a Lastikli E\u015fofman Alt\u0131 - Giyim Toptanc\u0131n\u0131z\" \/>\n<meta property=\"og:description\" content=\"Kuma\u015f T\u00fcr\u00fc:\u00a0\u0130ki iplik Pa\u00e7a Tipi:\u00a0Lastikli Kullan\u0131m Alan\u0131:\u00a0Spor, g\u00fcnl\u00fck stil, ev rahatl\u0131\u011f\u0131 \u00d6zellik:\u00a0Nefes alabilen, rahat kal\u0131p\" \/>\n<meta property=\"og:url\" content=\"https:\/\/giyimtoptanciniz.com\/?product=iki-iplik-gri-paca-lastikli-esofman-alti\" \/>\n<meta property=\"og:site_name\" content=\"Giyim Toptanc\u0131n\u0131z\" \/>\n<meta property=\"article:publisher\" content=\"https:\/\/www.facebook.com\/profile.php?id=61556286356754\" \/>\n<meta property=\"article:modified_time\" content=\"2025-09-05T07:07:50+00:00\" \/>\n<meta property=\"og:image\" content=\"https:\/\/giyimtoptanciniz.com\/wp-content\/uploads\/2025\/09\/WhatsApp-Image-2025-09-01-at-14.04.54-2.jpeg\" \/>\n\t<meta property=\"og:image:width\" content=\"1066\" \/>\n\t<meta property=\"og:image:height\" content=\"1600\" \/>\n\t<meta property=\"og:image:type\" content=\"image\/jpeg\" \/>\n<meta name=\"twitter:card\" content=\"summary_large_image\" \/>\n<meta name=\"twitter:label1\" content=\"Tahmini okuma s\u00fcresi\" \/>\n\t<meta name=\"twitter:data1\" content=\"1 dakika\" \/>\n<script type=\"application\/ld+json\" class=\"yoast-schema-graph\">{\"@context\":\"https:\/\/schema.org\",\"@graph\":[{\"@type\":\"WebPage\",\"@id\":\"https:\/\/giyimtoptanciniz.com\/?product=iki-iplik-gri-paca-lastikli-esofman-alti\",\"url\":\"https:\/\/giyimtoptanciniz.com\/?product=iki-iplik-gri-paca-lastikli-esofman-alti\",\"name\":\"\u0130ki iplik \u2013 Gri Pa\u00e7a Lastikli E\u015fofman Alt\u0131 - Giyim Toptanc\u0131n\u0131z\",\"isPartOf\":{\"@id\":\"https:\/\/giyimtoptanciniz.com\/#website\"},\"primaryImageOfPage\":{\"@id\":\"https:\/\/giyimtoptanciniz.com\/?product=iki-iplik-gri-paca-lastikli-esofman-alti#primaryimage\"},\"image\":{\"@id\":\"https:\/\/giyimtoptanciniz.com\/?product=iki-iplik-gri-paca-lastikli-esofman-alti#primaryimage\"},\"thumbnailUrl\":\"https:\/\/giyimtoptanciniz.com\/wp-content\/uploads\/2025\/09\/WhatsApp-Image-2025-09-01-at-14.04.54-2.jpeg\",\"datePublished\":\"2025-09-05T07:06:57+00:00\",\"dateModified\":\"2025-09-05T07:07:50+00:00\",\"breadcrumb\":{\"@id\":\"https:\/\/giyimtoptanciniz.com\/?product=iki-iplik-gri-paca-lastikli-esofman-alti#breadcrumb\"},\"inLanguage\":\"tr\",\"potentialAction\":[{\"@type\":\"ReadAction\",\"target\":[\"https:\/\/giyimtoptanciniz.com\/?product=iki-iplik-gri-paca-lastikli-esofman-alti\"]}]},{\"@type\":\"ImageObject\",\"inLanguage\":\"tr\",\"@id\":\"https:\/\/giyimtoptanciniz.com\/?product=iki-iplik-gri-paca-lastikli-esofman-alti#primaryimage\",\"url\":\"https:\/\/giyimtoptanciniz.com\/wp-content\/uploads\/2025\/09\/WhatsApp-Image-2025-09-01-at-14.04.54-2.jpeg\",\"contentUrl\":\"https:\/\/giyimtoptanciniz.com\/wp-content\/uploads\/2025\/09\/WhatsApp-Image-2025-09-01-at-14.04.54-2.jpeg\",\"width\":1066,\"height\":1600},{\"@type\":\"BreadcrumbList\",\"@id\":\"https:\/\/giyimtoptanciniz.com\/?product=iki-iplik-gri-paca-lastikli-esofman-alti#breadcrumb\",\"itemListElement\":[{\"@type\":\"ListItem\",\"position\":1,\"name\":\"Anasayfa\",\"item\":\"https:\/\/giyimtoptanciniz.com\/\"},{\"@type\":\"ListItem\",\"position\":2,\"name\":\"Ma\u011faza\",\"item\":\"https:\/\/giyimtoptanciniz.com\/?page_id=8\"},{\"@type\":\"ListItem\",\"position\":3,\"name\":\"\u0130ki iplik \u2013 Gri Pa\u00e7a Lastikli E\u015fofman Alt\u0131\"}]},{\"@type\":\"WebSite\",\"@id\":\"https:\/\/giyimtoptanciniz.com\/#website\",\"url\":\"https:\/\/giyimtoptanciniz.com\/\",\"name\":\"Giyim Toptanc\u0131n\u0131z\",\"description\":\"\",\"potentialAction\":[{\"@type\":\"SearchAction\",\"target\":{\"@type\":\"EntryPoint\",\"urlTemplate\":\"https:\/\/giyimtoptanciniz.com\/?s={search_term_string}\"},\"query-input\":{\"@type\":\"PropertyValueSpecification\",\"valueRequired\":true,\"valueName\":\"search_term_string\"}}],\"inLanguage\":\"tr\"}]}<\/script>\n<!-- \/ Yoast SEO plugin. -->","yoast_head_json":{"title":"\u0130ki iplik \u2013 Gri Pa\u00e7a Lastikli E\u015fofman Alt\u0131 - Giyim Toptanc\u0131n\u0131z","robots":{"index":"index","follow":"follow","max-snippet":"max-snippet:-1","max-image-preview":"max-image-preview:large","max-video-preview":"max-video-preview:-1"},"canonical":"https:\/\/giyimtoptanciniz.com\/?product=iki-iplik-gri-paca-lastikli-esofman-alti","og_locale":"tr_TR","og_type":"article","og_title":"\u0130ki iplik \u2013 Gri Pa\u00e7a Lastikli E\u015fofman Alt\u0131 - Giyim Toptanc\u0131n\u0131z","og_description":"Kuma\u015f T\u00fcr\u00fc:\u00a0\u0130ki iplik Pa\u00e7a Tipi:\u00a0Lastikli Kullan\u0131m Alan\u0131:\u00a0Spor, g\u00fcnl\u00fck stil, ev rahatl\u0131\u011f\u0131 \u00d6zellik:\u00a0Nefes alabilen, rahat kal\u0131p","og_url":"https:\/\/giyimtoptanciniz.com\/?product=iki-iplik-gri-paca-lastikli-esofman-alti","og_site_name":"Giyim Toptanc\u0131n\u0131z","article_publisher":"https:\/\/www.facebook.com\/profile.php?id=61556286356754","article_modified_time":"2025-09-05T07:07:50+00:00","og_image":[{"width":1066,"height":1600,"url":"https:\/\/giyimtoptanciniz.com\/wp-content\/uploads\/2025\/09\/WhatsApp-Image-2025-09-01-at-14.04.54-2.jpeg","type":"image\/jpeg"}],"twitter_card":"summary_large_image","twitter_misc":{"Tahmini okuma s\u00fcresi":"1 dakika"},"schema":{"@context":"https:\/\/schema.org","@graph":[{"@type":"WebPage","@id":"https:\/\/giyimtoptanciniz.com\/?product=iki-iplik-gri-paca-lastikli-esofman-alti","url":"https:\/\/giyimtoptanciniz.com\/?product=iki-iplik-gri-paca-lastikli-esofman-alti","name":"\u0130ki iplik \u2013 Gri Pa\u00e7a Lastikli E\u015fofman Alt\u0131 - Giyim Toptanc\u0131n\u0131z","isPartOf":{"@id":"https:\/\/giyimtoptanciniz.com\/#website"},"primaryImageOfPage":{"@id":"https:\/\/giyimtoptanciniz.com\/?product=iki-iplik-gri-paca-lastikli-esofman-alti#primaryimage"},"image":{"@id":"https:\/\/giyimtoptanciniz.com\/?product=iki-iplik-gri-paca-lastikli-esofman-alti#primaryimage"},"thumbnailUrl":"https:\/\/giyimtoptanciniz.com\/wp-content\/uploads\/2025\/09\/WhatsApp-Image-2025-09-01-at-14.04.54-2.jpeg","datePublished":"2025-09-05T07:06:57+00:00","dateModified":"2025-09-05T07:07:50+00:00","breadcrumb":{"@id":"https:\/\/giyimtoptanciniz.com\/?product=iki-iplik-gri-paca-lastikli-esofman-alti#breadcrumb"},"inLanguage":"tr","potentialAction":[{"@type":"ReadAction","target":["https:\/\/giyimtoptanciniz.com\/?product=iki-iplik-gri-paca-lastikli-esofman-alti"]}]},{"@type":"ImageObject","inLanguage":"tr","@id":"https:\/\/giyimtoptanciniz.com\/?product=iki-iplik-gri-paca-lastikli-esofman-alti#primaryimage","url":"https:\/\/giyimtoptanciniz.com\/wp-content\/uploads\/2025\/09\/WhatsApp-Image-2025-09-01-at-14.04.54-2.jpeg","contentUrl":"https:\/\/giyimtoptanciniz.com\/wp-content\/uploads\/2025\/09\/WhatsApp-Image-2025-09-01-at-14.04.54-2.jpeg","width":1066,"height":1600},{"@type":"BreadcrumbList","@id":"https:\/\/giyimtoptanciniz.com\/?product=iki-iplik-gri-paca-lastikli-esofman-alti#breadcrumb","itemListElement":[{"@type":"ListItem","position":1,"name":"Anasayfa","item":"https:\/\/giyimtoptanciniz.com\/"},{"@type":"ListItem","position":2,"name":"Ma\u011faza","item":"https:\/\/giyimtoptanciniz.com\/?page_id=8"},{"@type":"ListItem","position":3,"name":"\u0130ki iplik \u2013 Gri Pa\u00e7a Lastikli E\u015fofman Alt\u0131"}]},{"@type":"WebSite","@id":"https:\/\/giyimtoptanciniz.com\/#website","url":"https:\/\/giyimtoptanciniz.com\/","name":"Giyim Toptanc\u0131n\u0131z","description":"","potentialAction":[{"@type":"SearchAction","target":{"@type":"EntryPoint","urlTemplate":"https:\/\/giyimtoptanciniz.com\/?s={search_term_string}"},"query-input":{"@type":"PropertyValueSpecification","valueRequired":true,"valueName":"search_term_string"}}],"inLanguage":"tr"}]}},"_links":{"self":[{"href":"https:\/\/giyimtoptanciniz.com\/index.php?rest_route=\/wp\/v2\/product\/279","targetHints":{"allow":["GET"]}}],"collection":[{"href":"https:\/\/giyimtoptanciniz.com\/index.php?rest_route=\/wp\/v2\/product"}],"about":[{"href":"https:\/\/giyimtoptanciniz.com\/index.php?rest_route=\/wp\/v2\/types\/product"}],"replies":[{"embeddable":true,"href":"https:\/\/giyimtoptanciniz.com\/index.php?rest_route=%2Fwp%2Fv2%2Fcomments&post=279"}],"wp:featuredmedia":[{"embeddable":true,"href":"https:\/\/giyimtoptanciniz.com\/index.php?rest_route=\/wp\/v2\/media\/280"}],"wp:attachment":[{"href":"https:\/\/giyimtoptanciniz.com\/index.php?rest_route=%2Fwp%2Fv2%2Fmedia&parent=279"}],"wp:term":[{"taxonomy":"product_brand","embeddable":true,"href":"https:\/\/giyimtoptanciniz.com\/index.php?rest_route=%2Fwp%2Fv2%2Fproduct_brand&post=279"},{"taxonomy":"product_cat","embeddable":true,"href":"https:\/\/giyimtoptanciniz.com\/index.php?rest_route=%2Fwp%2Fv2%2Fproduct_cat&post=279"},{"taxonomy":"product_tag","embeddable":true,"href":"https:\/\/giyimtoptanciniz.com\/index.php?rest_route=%2Fwp%2Fv2%2Fproduct_tag&post=279"}],"curies":[{"name":"wp","href":"https:\/\/api.w.org\/{rel}","templated":true}]}}