{"id":191,"date":"2025-08-26T12:35:16","date_gmt":"2025-08-26T09:35:16","guid":{"rendered":"https:\/\/giyimtoptanciniz.com\/?post_type=product&#038;p=191"},"modified":"2025-08-28T10:29:49","modified_gmt":"2025-08-28T07:29:49","slug":"milan-kumas-kalp-desenli-sortlu-takim","status":"publish","type":"product","link":"https:\/\/giyimtoptanciniz.com\/?product=milan-kumas-kalp-desenli-sortlu-takim","title":{"rendered":"Milan Kuma\u015f &#8211; Kalp Desenli \u015eortlu Tak\u0131m"},"content":{"rendered":"<p data-start=\"177\" data-end=\"269\">Kalp Desenli \u015eortlu Tak\u0131m \u2013 Sevimli ve Rahat Toptan Kad\u0131n Pijama Tak\u0131m\u0131<\/p>\n<p data-start=\"271\" data-end=\"511\"><strong data-start=\"271\" data-end=\"284\">A\u00e7\u0131klama:<\/strong><br data-start=\"284\" data-end=\"287\" \/>\u015eirin kalp desenleriyle tasarlanan bu \u015fortlu tak\u0131m, hem konforlu hem de enerjik bir g\u00f6r\u00fcn\u00fcm sunar. Yaz aylar\u0131nda terletmeyen kuma\u015f\u0131yla keyifli bir kullan\u0131m sa\u011flar. G\u00fcnl\u00fck ev giyimi ve pijama tak\u0131m\u0131 olarak kullan\u0131labilir.<\/p>\n<ul data-start=\"512\" data-end=\"658\">\n<li data-start=\"512\" data-end=\"550\">\n<p data-start=\"514\" data-end=\"550\">%100 rahat ve nefes alabilir kuma\u015f<\/p>\n<\/li>\n<li data-start=\"551\" data-end=\"597\">\n<p data-start=\"553\" data-end=\"597\">Yumu\u015fak doku, uzun s\u00fcreli kullan\u0131m konforu<\/p>\n<\/li>\n<li data-start=\"598\" data-end=\"631\">\n<p data-start=\"600\" data-end=\"631\">M &#8211; L &#8211; XL &#8211; XXL beden se\u00e7enekleri<\/p>\n<\/li>\n<\/ul>\n","protected":false},"excerpt":{"rendered":"<p>Kalp Desenli \u015eortlu Tak\u0131m \u2013 Sevimli ve Rahat Toptan Kad\u0131n Pijama Tak\u0131m\u0131 A\u00e7\u0131klama:\u015eirin kalp desenleriyle tasarlanan bu \u015fortlu tak\u0131m, hem konforlu hem de enerjik bir g\u00f6r\u00fcn\u00fcm sunar. Yaz aylar\u0131nda terletmeyen kuma\u015f\u0131yla keyifli bir kullan\u0131m sa\u011flar. G\u00fcnl\u00fck ev giyimi ve pijama tak\u0131m\u0131 olarak kullan\u0131labilir. %100 rahat ve nefes alabilir kuma\u015f Yumu\u015fak doku, uzun s\u00fcreli kullan\u0131m konforu [&hellip;]<\/p>\n","protected":false},"featured_media":192,"comment_status":"open","ping_status":"closed","template":"","meta":[],"product_brand":[],"product_cat":[20],"product_tag":[],"class_list":{"0":"post-191","1":"product","2":"type-product","3":"status-publish","4":"has-post-thumbnail","6":"product_cat-sortlu-takim","8":"first","9":"instock","10":"sold-individually","11":"shipping-taxable","12":"purchasable","13":"product-type-simple"},"yoast_head":"<!-- This site is optimized with the Yoast SEO plugin v25.9 - https:\/\/yoast.com\/wordpress\/plugins\/seo\/ -->\n<title>Milan Kuma\u015f - Kalp Desenli \u015eortlu Tak\u0131m - Giyim Toptanc\u0131n\u0131z<\/title>\n<meta name=\"robots\" content=\"index, follow, max-snippet:-1, max-image-preview:large, max-video-preview:-1\" \/>\n<link rel=\"canonical\" href=\"https:\/\/giyimtoptanciniz.com\/?product=milan-kumas-kalp-desenli-sortlu-takim\" \/>\n<meta property=\"og:locale\" content=\"tr_TR\" \/>\n<meta property=\"og:type\" content=\"article\" \/>\n<meta property=\"og:title\" content=\"Milan Kuma\u015f - Kalp Desenli \u015eortlu Tak\u0131m - Giyim Toptanc\u0131n\u0131z\" \/>\n<meta property=\"og:description\" content=\"Kalp Desenli \u015eortlu Tak\u0131m \u2013 Sevimli ve Rahat Toptan Kad\u0131n Pijama Tak\u0131m\u0131 A\u00e7\u0131klama:\u015eirin kalp desenleriyle tasarlanan bu \u015fortlu tak\u0131m, hem konforlu hem de enerjik bir g\u00f6r\u00fcn\u00fcm sunar. Yaz aylar\u0131nda terletmeyen kuma\u015f\u0131yla keyifli bir kullan\u0131m sa\u011flar. G\u00fcnl\u00fck ev giyimi ve pijama tak\u0131m\u0131 olarak kullan\u0131labilir. %100 rahat ve nefes alabilir kuma\u015f Yumu\u015fak doku, uzun s\u00fcreli kullan\u0131m konforu [&hellip;]\" \/>\n<meta property=\"og:url\" content=\"https:\/\/giyimtoptanciniz.com\/?product=milan-kumas-kalp-desenli-sortlu-takim\" \/>\n<meta property=\"og:site_name\" content=\"Giyim Toptanc\u0131n\u0131z\" \/>\n<meta property=\"article:publisher\" content=\"https:\/\/www.facebook.com\/profile.php?id=61556286356754\" \/>\n<meta property=\"article:modified_time\" content=\"2025-08-28T07:29:49+00:00\" \/>\n<meta property=\"og:image\" content=\"https:\/\/giyimtoptanciniz.com\/wp-content\/uploads\/2025\/08\/WhatsApp-Image-2025-07-11-at-15.35.33.jpeg\" \/>\n\t<meta property=\"og:image:width\" content=\"1266\" \/>\n\t<meta property=\"og:image:height\" content=\"1600\" \/>\n\t<meta property=\"og:image:type\" content=\"image\/jpeg\" \/>\n<meta name=\"twitter:card\" content=\"summary_large_image\" \/>\n<script type=\"application\/ld+json\" class=\"yoast-schema-graph\">{\"@context\":\"https:\/\/schema.org\",\"@graph\":[{\"@type\":\"WebPage\",\"@id\":\"https:\/\/giyimtoptanciniz.com\/?product=milan-kumas-kalp-desenli-sortlu-takim\",\"url\":\"https:\/\/giyimtoptanciniz.com\/?product=milan-kumas-kalp-desenli-sortlu-takim\",\"name\":\"Milan Kuma\u015f - Kalp Desenli \u015eortlu Tak\u0131m - Giyim Toptanc\u0131n\u0131z\",\"isPartOf\":{\"@id\":\"https:\/\/giyimtoptanciniz.com\/#website\"},\"primaryImageOfPage\":{\"@id\":\"https:\/\/giyimtoptanciniz.com\/?product=milan-kumas-kalp-desenli-sortlu-takim#primaryimage\"},\"image\":{\"@id\":\"https:\/\/giyimtoptanciniz.com\/?product=milan-kumas-kalp-desenli-sortlu-takim#primaryimage\"},\"thumbnailUrl\":\"https:\/\/giyimtoptanciniz.com\/wp-content\/uploads\/2025\/08\/WhatsApp-Image-2025-07-11-at-15.35.33.jpeg\",\"datePublished\":\"2025-08-26T09:35:16+00:00\",\"dateModified\":\"2025-08-28T07:29:49+00:00\",\"breadcrumb\":{\"@id\":\"https:\/\/giyimtoptanciniz.com\/?product=milan-kumas-kalp-desenli-sortlu-takim#breadcrumb\"},\"inLanguage\":\"tr\",\"potentialAction\":[{\"@type\":\"ReadAction\",\"target\":[\"https:\/\/giyimtoptanciniz.com\/?product=milan-kumas-kalp-desenli-sortlu-takim\"]}]},{\"@type\":\"ImageObject\",\"inLanguage\":\"tr\",\"@id\":\"https:\/\/giyimtoptanciniz.com\/?product=milan-kumas-kalp-desenli-sortlu-takim#primaryimage\",\"url\":\"https:\/\/giyimtoptanciniz.com\/wp-content\/uploads\/2025\/08\/WhatsApp-Image-2025-07-11-at-15.35.33.jpeg\",\"contentUrl\":\"https:\/\/giyimtoptanciniz.com\/wp-content\/uploads\/2025\/08\/WhatsApp-Image-2025-07-11-at-15.35.33.jpeg\",\"width\":1266,\"height\":1600},{\"@type\":\"BreadcrumbList\",\"@id\":\"https:\/\/giyimtoptanciniz.com\/?product=milan-kumas-kalp-desenli-sortlu-takim#breadcrumb\",\"itemListElement\":[{\"@type\":\"ListItem\",\"position\":1,\"name\":\"Anasayfa\",\"item\":\"https:\/\/giyimtoptanciniz.com\/\"},{\"@type\":\"ListItem\",\"position\":2,\"name\":\"Ma\u011faza\",\"item\":\"https:\/\/giyimtoptanciniz.com\/?page_id=8\"},{\"@type\":\"ListItem\",\"position\":3,\"name\":\"Milan Kuma\u015f &#8211; Kalp Desenli \u015eortlu Tak\u0131m\"}]},{\"@type\":\"WebSite\",\"@id\":\"https:\/\/giyimtoptanciniz.com\/#website\",\"url\":\"https:\/\/giyimtoptanciniz.com\/\",\"name\":\"Giyim Toptanc\u0131n\u0131z\",\"description\":\"\",\"potentialAction\":[{\"@type\":\"SearchAction\",\"target\":{\"@type\":\"EntryPoint\",\"urlTemplate\":\"https:\/\/giyimtoptanciniz.com\/?s={search_term_string}\"},\"query-input\":{\"@type\":\"PropertyValueSpecification\",\"valueRequired\":true,\"valueName\":\"search_term_string\"}}],\"inLanguage\":\"tr\"}]}<\/script>\n<!-- \/ Yoast SEO plugin. -->","yoast_head_json":{"title":"Milan Kuma\u015f - Kalp Desenli \u015eortlu Tak\u0131m - Giyim Toptanc\u0131n\u0131z","robots":{"index":"index","follow":"follow","max-snippet":"max-snippet:-1","max-image-preview":"max-image-preview:large","max-video-preview":"max-video-preview:-1"},"canonical":"https:\/\/giyimtoptanciniz.com\/?product=milan-kumas-kalp-desenli-sortlu-takim","og_locale":"tr_TR","og_type":"article","og_title":"Milan Kuma\u015f - Kalp Desenli \u015eortlu Tak\u0131m - Giyim Toptanc\u0131n\u0131z","og_description":"Kalp Desenli \u015eortlu Tak\u0131m \u2013 Sevimli ve Rahat Toptan Kad\u0131n Pijama Tak\u0131m\u0131 A\u00e7\u0131klama:\u015eirin kalp desenleriyle tasarlanan bu \u015fortlu tak\u0131m, hem konforlu hem de enerjik bir g\u00f6r\u00fcn\u00fcm sunar. Yaz aylar\u0131nda terletmeyen kuma\u015f\u0131yla keyifli bir kullan\u0131m sa\u011flar. G\u00fcnl\u00fck ev giyimi ve pijama tak\u0131m\u0131 olarak kullan\u0131labilir. %100 rahat ve nefes alabilir kuma\u015f Yumu\u015fak doku, uzun s\u00fcreli kullan\u0131m konforu [&hellip;]","og_url":"https:\/\/giyimtoptanciniz.com\/?product=milan-kumas-kalp-desenli-sortlu-takim","og_site_name":"Giyim Toptanc\u0131n\u0131z","article_publisher":"https:\/\/www.facebook.com\/profile.php?id=61556286356754","article_modified_time":"2025-08-28T07:29:49+00:00","og_image":[{"width":1266,"height":1600,"url":"https:\/\/giyimtoptanciniz.com\/wp-content\/uploads\/2025\/08\/WhatsApp-Image-2025-07-11-at-15.35.33.jpeg","type":"image\/jpeg"}],"twitter_card":"summary_large_image","schema":{"@context":"https:\/\/schema.org","@graph":[{"@type":"WebPage","@id":"https:\/\/giyimtoptanciniz.com\/?product=milan-kumas-kalp-desenli-sortlu-takim","url":"https:\/\/giyimtoptanciniz.com\/?product=milan-kumas-kalp-desenli-sortlu-takim","name":"Milan Kuma\u015f - Kalp Desenli \u015eortlu Tak\u0131m - Giyim Toptanc\u0131n\u0131z","isPartOf":{"@id":"https:\/\/giyimtoptanciniz.com\/#website"},"primaryImageOfPage":{"@id":"https:\/\/giyimtoptanciniz.com\/?product=milan-kumas-kalp-desenli-sortlu-takim#primaryimage"},"image":{"@id":"https:\/\/giyimtoptanciniz.com\/?product=milan-kumas-kalp-desenli-sortlu-takim#primaryimage"},"thumbnailUrl":"https:\/\/giyimtoptanciniz.com\/wp-content\/uploads\/2025\/08\/WhatsApp-Image-2025-07-11-at-15.35.33.jpeg","datePublished":"2025-08-26T09:35:16+00:00","dateModified":"2025-08-28T07:29:49+00:00","breadcrumb":{"@id":"https:\/\/giyimtoptanciniz.com\/?product=milan-kumas-kalp-desenli-sortlu-takim#breadcrumb"},"inLanguage":"tr","potentialAction":[{"@type":"ReadAction","target":["https:\/\/giyimtoptanciniz.com\/?product=milan-kumas-kalp-desenli-sortlu-takim"]}]},{"@type":"ImageObject","inLanguage":"tr","@id":"https:\/\/giyimtoptanciniz.com\/?product=milan-kumas-kalp-desenli-sortlu-takim#primaryimage","url":"https:\/\/giyimtoptanciniz.com\/wp-content\/uploads\/2025\/08\/WhatsApp-Image-2025-07-11-at-15.35.33.jpeg","contentUrl":"https:\/\/giyimtoptanciniz.com\/wp-content\/uploads\/2025\/08\/WhatsApp-Image-2025-07-11-at-15.35.33.jpeg","width":1266,"height":1600},{"@type":"BreadcrumbList","@id":"https:\/\/giyimtoptanciniz.com\/?product=milan-kumas-kalp-desenli-sortlu-takim#breadcrumb","itemListElement":[{"@type":"ListItem","position":1,"name":"Anasayfa","item":"https:\/\/giyimtoptanciniz.com\/"},{"@type":"ListItem","position":2,"name":"Ma\u011faza","item":"https:\/\/giyimtoptanciniz.com\/?page_id=8"},{"@type":"ListItem","position":3,"name":"Milan Kuma\u015f &#8211; Kalp Desenli \u015eortlu Tak\u0131m"}]},{"@type":"WebSite","@id":"https:\/\/giyimtoptanciniz.com\/#website","url":"https:\/\/giyimtoptanciniz.com\/","name":"Giyim Toptanc\u0131n\u0131z","description":"","potentialAction":[{"@type":"SearchAction","target":{"@type":"EntryPoint","urlTemplate":"https:\/\/giyimtoptanciniz.com\/?s={search_term_string}"},"query-input":{"@type":"PropertyValueSpecification","valueRequired":true,"valueName":"search_term_string"}}],"inLanguage":"tr"}]}},"_links":{"self":[{"href":"https:\/\/giyimtoptanciniz.com\/index.php?rest_route=\/wp\/v2\/product\/191","targetHints":{"allow":["GET"]}}],"collection":[{"href":"https:\/\/giyimtoptanciniz.com\/index.php?rest_route=\/wp\/v2\/product"}],"about":[{"href":"https:\/\/giyimtoptanciniz.com\/index.php?rest_route=\/wp\/v2\/types\/product"}],"replies":[{"embeddable":true,"href":"https:\/\/giyimtoptanciniz.com\/index.php?rest_route=%2Fwp%2Fv2%2Fcomments&post=191"}],"wp:featuredmedia":[{"embeddable":true,"href":"https:\/\/giyimtoptanciniz.com\/index.php?rest_route=\/wp\/v2\/media\/192"}],"wp:attachment":[{"href":"https:\/\/giyimtoptanciniz.com\/index.php?rest_route=%2Fwp%2Fv2%2Fmedia&parent=191"}],"wp:term":[{"taxonomy":"product_brand","embeddable":true,"href":"https:\/\/giyimtoptanciniz.com\/index.php?rest_route=%2Fwp%2Fv2%2Fproduct_brand&post=191"},{"taxonomy":"product_cat","embeddable":true,"href":"https:\/\/giyimtoptanciniz.com\/index.php?rest_route=%2Fwp%2Fv2%2Fproduct_cat&post=191"},{"taxonomy":"product_tag","embeddable":true,"href":"https:\/\/giyimtoptanciniz.com\/index.php?rest_route=%2Fwp%2Fv2%2Fproduct_tag&post=191"}],"curies":[{"name":"wp","href":"https:\/\/api.w.org\/{rel}","templated":true}]}}