{"id":99,"date":"2025-08-22T17:18:37","date_gmt":"2025-08-22T14:18:37","guid":{"rendered":"https:\/\/giyimtoptanciniz.com\/?page_id=99"},"modified":"2025-09-06T18:42:31","modified_gmt":"2025-09-06T15:42:31","slug":"iletisim","status":"publish","type":"page","link":"https:\/\/giyimtoptanciniz.com\/?page_id=99","title":{"rendered":"\u0130leti\u015fim"},"content":{"rendered":"\n<div class=\"wp-block-group alignfull is-content-justification-center is-layout-constrained wp-container-core-group-is-layout-df757ecc wp-block-group-is-layout-constrained\" style=\"margin-top:0;margin-bottom:0;padding-top:calc( 0.5 * var(--wp--style--root--padding-right, var(--wp--custom--gap--horizontal)));padding-right:var(--wp--style--root--padding-right, var(--wp--custom--gap--horizontal));padding-bottom:calc( 0.5 * var(--wp--style--root--padding-right, var(--wp--custom--gap--horizontal)));padding-left:var(--wp--style--root--padding-left, var(--wp--custom--gap--horizontal))\">\n<div style=\"height:calc( 0.25 * var(--wp--style--root--padding-right, var(--wp--custom--gap--horizontal)))\" aria-hidden=\"true\" class=\"wp-block-spacer\"><\/div>\n\n\n\n<div class=\"wp-block-group alignwide is-content-justification-space-between is-layout-flex wp-container-core-group-is-layout-9366075c wp-block-group-is-layout-flex\">\n<h3 class=\"wp-block-heading alignwide\">Bizi takip edin!<\/h3>\n<\/div>\n\n\n\n<div style=\"height:var(--wp--preset--spacing--20)\" aria-hidden=\"true\" class=\"wp-block-spacer\"><\/div>\n\n\n\n<div class=\"wp-block-columns alignwide is-layout-flex wp-container-core-columns-is-layout-28f84493 wp-block-columns-is-layout-flex\">\n<div class=\"wp-block-column is-layout-flow wp-block-column-is-layout-flow\" style=\"flex-basis:25%\">\n<figure class=\"wp-block-image size-large is-resized\"><a href=\"https:\/\/www.instagram.com\/giyimtoptanciniz\/\"><img loading=\"lazy\" decoding=\"async\" width=\"1024\" height=\"1024\" src=\"https:\/\/giyimtoptanciniz.com\/wp-content\/uploads\/2025\/09\/Instagram_icon-2-1024x1024.png\" alt=\"\" class=\"wp-image-362\" style=\"aspect-ratio:1;object-fit:cover\"\/><\/a><\/figure>\n<\/div>\n\n\n\n<div class=\"wp-block-column is-layout-flow wp-block-column-is-layout-flow\" style=\"flex-basis:25%\">\n<figure class=\"wp-block-image size-full is-resized\"><a href=\"https:\/\/www.facebook.com\/profile.php?id=61556286356754\"><img loading=\"lazy\" decoding=\"async\" width=\"960\" height=\"960\" src=\"https:\/\/giyimtoptanciniz.com\/wp-content\/uploads\/2025\/09\/Facebook_logo_square-2.png\" alt=\"\" class=\"wp-image-359\" style=\"aspect-ratio:1;object-fit:cover\" srcset=\"https:\/\/giyimtoptanciniz.com\/wp-content\/uploads\/2025\/09\/Facebook_logo_square-2.png 960w, https:\/\/giyimtoptanciniz.com\/wp-content\/uploads\/2025\/09\/Facebook_logo_square-2-300x300.png 300w, https:\/\/giyimtoptanciniz.com\/wp-content\/uploads\/2025\/09\/Facebook_logo_square-2-150x150.png 150w, https:\/\/giyimtoptanciniz.com\/wp-content\/uploads\/2025\/09\/Facebook_logo_square-2-768x768.png 768w, https:\/\/giyimtoptanciniz.com\/wp-content\/uploads\/2025\/09\/Facebook_logo_square-2-450x450.png 450w, https:\/\/giyimtoptanciniz.com\/wp-content\/uploads\/2025\/09\/Facebook_logo_square-2-600x600.png 600w, https:\/\/giyimtoptanciniz.com\/wp-content\/uploads\/2025\/09\/Facebook_logo_square-2-100x100.png 100w\" sizes=\"auto, (max-width: 960px) 100vw, 960px\" \/><\/a><\/figure>\n<\/div>\n\n\n\n<div class=\"wp-block-column is-layout-flow wp-block-column-is-layout-flow\" style=\"flex-basis:25%\">\n<figure class=\"wp-block-image size-full is-resized\"><a href=\"https:\/\/www.tiktok.com\/@giyimtoptanciniz\"><img loading=\"lazy\" decoding=\"async\" width=\"866\" height=\"853\" src=\"https:\/\/giyimtoptanciniz.com\/wp-content\/uploads\/2025\/09\/tiktok-logo-on-transparent-background-free-vector-1-e1757173288684.jpg\" alt=\"\" class=\"wp-image-368\" style=\"aspect-ratio:1;object-fit:cover\" srcset=\"https:\/\/giyimtoptanciniz.com\/wp-content\/uploads\/2025\/09\/tiktok-logo-on-transparent-background-free-vector-1-e1757173288684.jpg 866w, https:\/\/giyimtoptanciniz.com\/wp-content\/uploads\/2025\/09\/tiktok-logo-on-transparent-background-free-vector-1-e1757173288684-300x295.jpg 300w, https:\/\/giyimtoptanciniz.com\/wp-content\/uploads\/2025\/09\/tiktok-logo-on-transparent-background-free-vector-1-e1757173288684-768x756.jpg 768w, https:\/\/giyimtoptanciniz.com\/wp-content\/uploads\/2025\/09\/tiktok-logo-on-transparent-background-free-vector-1-e1757173288684-600x591.jpg 600w\" sizes=\"auto, (max-width: 866px) 100vw, 866px\" \/><\/a><\/figure>\n<\/div>\n\n\n\n<div class=\"wp-block-column is-layout-flow wp-block-column-is-layout-flow\" style=\"flex-basis:25%\">\n<figure class=\"wp-block-image size-full is-resized\"><a href=\"https:\/\/wa.me\/905374266553\"><img loading=\"lazy\" decoding=\"async\" width=\"1024\" height=\"1024\" src=\"https:\/\/giyimtoptanciniz.com\/wp-content\/uploads\/2025\/09\/1024x1024.jpg\" alt=\"\" class=\"wp-image-364\" style=\"aspect-ratio:1;object-fit:cover\" srcset=\"https:\/\/giyimtoptanciniz.com\/wp-content\/uploads\/2025\/09\/1024x1024.jpg 1024w, https:\/\/giyimtoptanciniz.com\/wp-content\/uploads\/2025\/09\/1024x1024-300x300.jpg 300w, https:\/\/giyimtoptanciniz.com\/wp-content\/uploads\/2025\/09\/1024x1024-150x150.jpg 150w, https:\/\/giyimtoptanciniz.com\/wp-content\/uploads\/2025\/09\/1024x1024-768x768.jpg 768w, https:\/\/giyimtoptanciniz.com\/wp-content\/uploads\/2025\/09\/1024x1024-450x450.jpg 450w, https:\/\/giyimtoptanciniz.com\/wp-content\/uploads\/2025\/09\/1024x1024-600x600.jpg 600w, https:\/\/giyimtoptanciniz.com\/wp-content\/uploads\/2025\/09\/1024x1024-100x100.jpg 100w\" sizes=\"auto, (max-width: 1024px) 100vw, 1024px\" \/><\/a><\/figure>\n<\/div>\n<\/div>\n\n\n\n<div style=\"height:calc( 0.25 * var(--wp--style--root--padding-right, var(--wp--custom--gap--horizontal)))\" aria-hidden=\"true\" class=\"wp-block-spacer\"><\/div>\n<\/div>\n\n\n\n<div class=\"wp-block-columns is-layout-flex wp-container-core-columns-is-layout-28f84493 wp-block-columns-is-layout-flex\">\n<div class=\"wp-block-column is-layout-flow wp-block-column-is-layout-flow\">\n<div class=\"wp-block-columns is-layout-flex wp-container-core-columns-is-layout-28f84493 wp-block-columns-is-layout-flex\">\n<div class=\"wp-block-column is-layout-flow wp-block-column-is-layout-flow\"><\/div>\n<\/div>\n\n\n\n<iframe src=\"https:\/\/www.google.com\/maps\/embed?pb=!1m18!1m12!1m3!1d31691.76013611832!2d27.75830476184912!3d41.17465733847895!2m3!1f0!2f0!3f0!3m2!1i1024!2i768!4f13.1!3m3!1m2!1s0x14b4fd18a0001895%3A0x3e40df82f8adb17c!2zR2l5aW0gVG9wdGFuY8SxbsSxeg!5e0!3m2!1str!2str!4v1757172115360!5m2!1str!2str\" width=\"100%\" height=\"450\" style=\"border:0;\" allowfullscreen=\"\" loading=\"lazy\" referrerpolicy=\"no-referrer-when-downgrade\"><\/iframe>\n<\/div>\n<\/div>\n","protected":false},"excerpt":{"rendered":"<p>Bizi takip edin!<\/p>\n","protected":false},"author":1,"featured_media":0,"parent":0,"menu_order":0,"comment_status":"closed","ping_status":"closed","template":"","meta":{"footnotes":""},"class_list":["post-99","page","type-page","status-publish","hentry"],"yoast_head":"<!-- This site is optimized with the Yoast SEO plugin v25.9 - https:\/\/yoast.com\/wordpress\/plugins\/seo\/ -->\n<title>\u0130leti\u015fim - Giyim Toptanc\u0131n\u0131z<\/title>\n<meta name=\"robots\" content=\"index, follow, max-snippet:-1, max-image-preview:large, max-video-preview:-1\" \/>\n<link rel=\"canonical\" href=\"https:\/\/giyimtoptanciniz.com\/?page_id=99\" \/>\n<meta property=\"og:locale\" content=\"tr_TR\" \/>\n<meta property=\"og:type\" content=\"article\" \/>\n<meta property=\"og:title\" content=\"\u0130leti\u015fim - Giyim Toptanc\u0131n\u0131z\" \/>\n<meta property=\"og:description\" content=\"Bizi takip edin!\" \/>\n<meta property=\"og:url\" content=\"https:\/\/giyimtoptanciniz.com\/?page_id=99\" \/>\n<meta property=\"og:site_name\" content=\"Giyim Toptanc\u0131n\u0131z\" \/>\n<meta property=\"article:publisher\" content=\"https:\/\/www.facebook.com\/profile.php?id=61556286356754\" \/>\n<meta property=\"article:modified_time\" content=\"2025-09-06T15:42:31+00:00\" \/>\n<meta property=\"og:image\" content=\"https:\/\/giyimtoptanciniz.com\/wp-content\/uploads\/2025\/09\/Instagram_icon-2-scaled-e1757172881436.png\" \/>\n\t<meta property=\"og:image:width\" content=\"1707\" \/>\n\t<meta property=\"og:image:height\" content=\"1707\" \/>\n\t<meta property=\"og:image:type\" content=\"image\/png\" \/>\n<meta name=\"twitter:card\" content=\"summary_large_image\" \/>\n<script type=\"application\/ld+json\" class=\"yoast-schema-graph\">{\"@context\":\"https:\/\/schema.org\",\"@graph\":[{\"@type\":\"WebPage\",\"@id\":\"https:\/\/giyimtoptanciniz.com\/?page_id=99\",\"url\":\"https:\/\/giyimtoptanciniz.com\/?page_id=99\",\"name\":\"\u0130leti\u015fim - Giyim Toptanc\u0131n\u0131z\",\"isPartOf\":{\"@id\":\"https:\/\/giyimtoptanciniz.com\/#website\"},\"primaryImageOfPage\":{\"@id\":\"https:\/\/giyimtoptanciniz.com\/?page_id=99#primaryimage\"},\"image\":{\"@id\":\"https:\/\/giyimtoptanciniz.com\/?page_id=99#primaryimage\"},\"thumbnailUrl\":\"https:\/\/giyimtoptanciniz.com\/wp-content\/uploads\/2025\/09\/Instagram_icon-2-1024x1024.png\",\"datePublished\":\"2025-08-22T14:18:37+00:00\",\"dateModified\":\"2025-09-06T15:42:31+00:00\",\"breadcrumb\":{\"@id\":\"https:\/\/giyimtoptanciniz.com\/?page_id=99#breadcrumb\"},\"inLanguage\":\"tr\",\"potentialAction\":[{\"@type\":\"ReadAction\",\"target\":[\"https:\/\/giyimtoptanciniz.com\/?page_id=99\"]}]},{\"@type\":\"ImageObject\",\"inLanguage\":\"tr\",\"@id\":\"https:\/\/giyimtoptanciniz.com\/?page_id=99#primaryimage\",\"url\":\"https:\/\/giyimtoptanciniz.com\/wp-content\/uploads\/2025\/09\/Instagram_icon-2-scaled-e1757172881436.png\",\"contentUrl\":\"https:\/\/giyimtoptanciniz.com\/wp-content\/uploads\/2025\/09\/Instagram_icon-2-scaled-e1757172881436.png\",\"width\":1707,\"height\":1707},{\"@type\":\"BreadcrumbList\",\"@id\":\"https:\/\/giyimtoptanciniz.com\/?page_id=99#breadcrumb\",\"itemListElement\":[{\"@type\":\"ListItem\",\"position\":1,\"name\":\"Anasayfa\",\"item\":\"https:\/\/giyimtoptanciniz.com\/\"},{\"@type\":\"ListItem\",\"position\":2,\"name\":\"\u0130leti\u015fim\"}]},{\"@type\":\"WebSite\",\"@id\":\"https:\/\/giyimtoptanciniz.com\/#website\",\"url\":\"https:\/\/giyimtoptanciniz.com\/\",\"name\":\"Giyim Toptanc\u0131n\u0131z\",\"description\":\"\",\"potentialAction\":[{\"@type\":\"SearchAction\",\"target\":{\"@type\":\"EntryPoint\",\"urlTemplate\":\"https:\/\/giyimtoptanciniz.com\/?s={search_term_string}\"},\"query-input\":{\"@type\":\"PropertyValueSpecification\",\"valueRequired\":true,\"valueName\":\"search_term_string\"}}],\"inLanguage\":\"tr\"}]}<\/script>\n<!-- \/ Yoast SEO plugin. -->","yoast_head_json":{"title":"\u0130leti\u015fim - Giyim Toptanc\u0131n\u0131z","robots":{"index":"index","follow":"follow","max-snippet":"max-snippet:-1","max-image-preview":"max-image-preview:large","max-video-preview":"max-video-preview:-1"},"canonical":"https:\/\/giyimtoptanciniz.com\/?page_id=99","og_locale":"tr_TR","og_type":"article","og_title":"\u0130leti\u015fim - Giyim Toptanc\u0131n\u0131z","og_description":"Bizi takip edin!","og_url":"https:\/\/giyimtoptanciniz.com\/?page_id=99","og_site_name":"Giyim Toptanc\u0131n\u0131z","article_publisher":"https:\/\/www.facebook.com\/profile.php?id=61556286356754","article_modified_time":"2025-09-06T15:42:31+00:00","og_image":[{"width":1707,"height":1707,"url":"https:\/\/giyimtoptanciniz.com\/wp-content\/uploads\/2025\/09\/Instagram_icon-2-scaled-e1757172881436.png","type":"image\/png"}],"twitter_card":"summary_large_image","schema":{"@context":"https:\/\/schema.org","@graph":[{"@type":"WebPage","@id":"https:\/\/giyimtoptanciniz.com\/?page_id=99","url":"https:\/\/giyimtoptanciniz.com\/?page_id=99","name":"\u0130leti\u015fim - Giyim Toptanc\u0131n\u0131z","isPartOf":{"@id":"https:\/\/giyimtoptanciniz.com\/#website"},"primaryImageOfPage":{"@id":"https:\/\/giyimtoptanciniz.com\/?page_id=99#primaryimage"},"image":{"@id":"https:\/\/giyimtoptanciniz.com\/?page_id=99#primaryimage"},"thumbnailUrl":"https:\/\/giyimtoptanciniz.com\/wp-content\/uploads\/2025\/09\/Instagram_icon-2-1024x1024.png","datePublished":"2025-08-22T14:18:37+00:00","dateModified":"2025-09-06T15:42:31+00:00","breadcrumb":{"@id":"https:\/\/giyimtoptanciniz.com\/?page_id=99#breadcrumb"},"inLanguage":"tr","potentialAction":[{"@type":"ReadAction","target":["https:\/\/giyimtoptanciniz.com\/?page_id=99"]}]},{"@type":"ImageObject","inLanguage":"tr","@id":"https:\/\/giyimtoptanciniz.com\/?page_id=99#primaryimage","url":"https:\/\/giyimtoptanciniz.com\/wp-content\/uploads\/2025\/09\/Instagram_icon-2-scaled-e1757172881436.png","contentUrl":"https:\/\/giyimtoptanciniz.com\/wp-content\/uploads\/2025\/09\/Instagram_icon-2-scaled-e1757172881436.png","width":1707,"height":1707},{"@type":"BreadcrumbList","@id":"https:\/\/giyimtoptanciniz.com\/?page_id=99#breadcrumb","itemListElement":[{"@type":"ListItem","position":1,"name":"Anasayfa","item":"https:\/\/giyimtoptanciniz.com\/"},{"@type":"ListItem","position":2,"name":"\u0130leti\u015fim"}]},{"@type":"WebSite","@id":"https:\/\/giyimtoptanciniz.com\/#website","url":"https:\/\/giyimtoptanciniz.com\/","name":"Giyim Toptanc\u0131n\u0131z","description":"","potentialAction":[{"@type":"SearchAction","target":{"@type":"EntryPoint","urlTemplate":"https:\/\/giyimtoptanciniz.com\/?s={search_term_string}"},"query-input":{"@type":"PropertyValueSpecification","valueRequired":true,"valueName":"search_term_string"}}],"inLanguage":"tr"}]}},"_links":{"self":[{"href":"https:\/\/giyimtoptanciniz.com\/index.php?rest_route=\/wp\/v2\/pages\/99","targetHints":{"allow":["GET"]}}],"collection":[{"href":"https:\/\/giyimtoptanciniz.com\/index.php?rest_route=\/wp\/v2\/pages"}],"about":[{"href":"https:\/\/giyimtoptanciniz.com\/index.php?rest_route=\/wp\/v2\/types\/page"}],"author":[{"embeddable":true,"href":"https:\/\/giyimtoptanciniz.com\/index.php?rest_route=\/wp\/v2\/users\/1"}],"replies":[{"embeddable":true,"href":"https:\/\/giyimtoptanciniz.com\/index.php?rest_route=%2Fwp%2Fv2%2Fcomments&post=99"}],"version-history":[{"count":27,"href":"https:\/\/giyimtoptanciniz.com\/index.php?rest_route=\/wp\/v2\/pages\/99\/revisions"}],"predecessor-version":[{"id":369,"href":"https:\/\/giyimtoptanciniz.com\/index.php?rest_route=\/wp\/v2\/pages\/99\/revisions\/369"}],"wp:attachment":[{"href":"https:\/\/giyimtoptanciniz.com\/index.php?rest_route=%2Fwp%2Fv2%2Fmedia&parent=99"}],"curies":[{"name":"wp","href":"https:\/\/api.w.org\/{rel}","templated":true}]}}