{"id":9,"date":"2025-08-21T18:09:16","date_gmt":"2025-08-21T15:09:16","guid":{"rendered":"https:\/\/giyimtoptanciniz.com\/index.php\/sepet\/"},"modified":"2025-08-21T18:15:13","modified_gmt":"2025-08-21T15:15:13","slug":"sepet","status":"publish","type":"page","link":"https:\/\/giyimtoptanciniz.com\/?page_id=9","title":{"rendered":"Sepet"},"content":{"rendered":"\n<div data-block-name=\"woocommerce\/cart\" class=\"wp-block-woocommerce-cart alignwide is-loading\">\n<div data-block-name=\"woocommerce\/filled-cart-block\" class=\"wp-block-woocommerce-filled-cart-block\">\n<div data-block-name=\"woocommerce\/cart-items-block\" class=\"wp-block-woocommerce-cart-items-block\">\n<div data-block-name=\"woocommerce\/cart-line-items-block\" class=\"wp-block-woocommerce-cart-line-items-block\"><\/div>\n\n\n\n<div data-block-name=\"woocommerce\/cart-cross-sells-block\" class=\"wp-block-woocommerce-cart-cross-sells-block\">\n<h2 class=\"wp-block-heading has-large-font-size\">\u0130lginizi \u00e7ekebilir\u2026<\/h2>\n\n\n\n<div data-block-name=\"woocommerce\/cart-cross-sells-products-block\" class=\"wp-block-woocommerce-cart-cross-sells-products-block\"><\/div>\n<\/div>\n<\/div>\n\n\n\n<div data-block-name=\"woocommerce\/cart-totals-block\" class=\"wp-block-woocommerce-cart-totals-block\">\n<div data-block-name=\"woocommerce\/cart-order-summary-block\" class=\"wp-block-woocommerce-cart-order-summary-block\">\n<div data-block-name=\"woocommerce\/cart-order-summary-heading-block\" class=\"wp-block-woocommerce-cart-order-summary-heading-block\"><\/div><div data-block-name=\"woocommerce\/cart-order-summary-coupon-form-block\" class=\"wp-block-woocommerce-cart-order-summary-coupon-form-block\"><\/div><div data-block-name=\"woocommerce\/cart-order-summary-totals-block\" class=\"wp-block-woocommerce-cart-order-summary-totals-block\">\n<div data-block-name=\"woocommerce\/cart-order-summary-subtotal-block\" class=\"wp-block-woocommerce-cart-order-summary-subtotal-block\"><\/div>\n<div data-block-name=\"woocommerce\/cart-order-summary-discount-block\" class=\"wp-block-woocommerce-cart-order-summary-discount-block\"><\/div>\n<div data-block-name=\"woocommerce\/cart-order-summary-fee-block\" class=\"wp-block-woocommerce-cart-order-summary-fee-block\"><\/div>\n<div data-block-name=\"woocommerce\/cart-order-summary-shipping-block\" class=\"wp-block-woocommerce-cart-order-summary-shipping-block\"><\/div>\n<div data-block-name=\"woocommerce\/cart-order-summary-taxes-block\" class=\"wp-block-woocommerce-cart-order-summary-taxes-block\"><\/div><\/div>\n<\/div>\n\n\n\n<div data-block-name=\"woocommerce\/cart-express-payment-block\" class=\"wp-block-woocommerce-cart-express-payment-block\"><\/div>\n\n\n\n<div data-block-name=\"woocommerce\/proceed-to-checkout-block\" class=\"wp-block-woocommerce-proceed-to-checkout-block\"><\/div>\n\n\n\n<div data-block-name=\"woocommerce\/cart-accepted-payment-methods-block\" class=\"wp-block-woocommerce-cart-accepted-payment-methods-block\"><\/div>\n<\/div>\n<\/div>\n\n\n\n<div data-block-name=\"woocommerce\/empty-cart-block\" class=\"wp-block-woocommerce-empty-cart-block\">\n<h2 class=\"wp-block-heading has-text-align-center with-empty-cart-icon wc-block-cart__empty-cart__title\">Sepetiniz \u015fu anda bo\u015f!<\/h2>\n\n\n\n<hr class=\"wp-block-separator has-alpha-channel-opacity is-style-dots\"\/>\n\n\n\n<h2 class=\"wp-block-heading has-text-align-center\">Ma\u011fazada yeni<\/h2>\n\n\n<div data-block-name=\"woocommerce\/product-new\" data-columns=\"4\" data-rows=\"1\" class=\"wc-block-grid wp-block-product-new wp-block-woocommerce-product-new wc-block-product-new has-4-columns\"><ul class=\"wc-block-grid__products\"><li class=\"wc-block-grid__product\">\n\t\t\t\t<a href=\"https:\/\/giyimtoptanciniz.com\/?product=toptan-uc-iplik-sardonlu-esofman-alti-6\" class=\"wc-block-grid__product-link\">\n\t\t\t\t\t\n\t\t\t\t\t<div class=\"wc-block-grid__product-image\"><img loading=\"lazy\" decoding=\"async\" width=\"450\" height=\"450\" src=\"https:\/\/giyimtoptanciniz.com\/wp-content\/uploads\/2025\/10\/WhatsApp-Image-2025-10-07-at-13.49.07-450x450.jpeg\" class=\"attachment-woocommerce_thumbnail size-woocommerce_thumbnail\" alt=\"Toptan \u00dc\u00e7 \u0130plik \u015eardonlu E\u015fofman Alt\u0131\" srcset=\"https:\/\/giyimtoptanciniz.com\/wp-content\/uploads\/2025\/10\/WhatsApp-Image-2025-10-07-at-13.49.07-450x450.jpeg 450w, https:\/\/giyimtoptanciniz.com\/wp-content\/uploads\/2025\/10\/WhatsApp-Image-2025-10-07-at-13.49.07-150x150.jpeg 150w, https:\/\/giyimtoptanciniz.com\/wp-content\/uploads\/2025\/10\/WhatsApp-Image-2025-10-07-at-13.49.07-100x100.jpeg 100w\" sizes=\"auto, (max-width: 450px) 100vw, 450px\" \/><\/div>\n\t\t\t\t\t<div class=\"wc-block-grid__product-title\">Toptan \u00dc\u00e7 \u0130plik \u015eardonlu E\u015fofman Alt\u0131<\/div>\n\t\t\t\t<\/a>\n\t\t\t\t<div class=\"wc-block-grid__product-price price\"><span class=\"woocommerce-Price-amount amount\"><span class=\"woocommerce-Price-currencySymbol\">&#8378;<\/span>0,00<\/span><\/div>\n\t\t\t\t\n\t\t\t\t<div class=\"wp-block-button wc-block-grid__product-add-to-cart\"><a href=\"\/index.php?rest_route=%2Fwp%2Fv2%2Fpages%2F9&#038;add-to-cart=423\" aria-label=\"Sepete ekle: \u201cToptan \u00dc\u00e7 \u0130plik \u015eardonlu E\u015fofman Alt\u0131\u201d\" data-quantity=\"1\" data-product_id=\"423\" data-product_sku=\"\" data-price=\"0\" rel=\"nofollow\" class=\"wp-block-button__link wp-element-button add_to_cart_button ajax_add_to_cart\">Sepete Ekle<\/a><\/div>\n\t\t\t<\/li><li class=\"wc-block-grid__product\">\n\t\t\t\t<a href=\"https:\/\/giyimtoptanciniz.com\/?product=toptan-uc-iplik-sardonlu-esofman-alti-5\" class=\"wc-block-grid__product-link\">\n\t\t\t\t\t\n\t\t\t\t\t<div class=\"wc-block-grid__product-image\"><img loading=\"lazy\" decoding=\"async\" width=\"450\" height=\"450\" src=\"https:\/\/giyimtoptanciniz.com\/wp-content\/uploads\/2025\/10\/WhatsApp-Image-2025-10-07-at-13.49.06-2-450x450.jpeg\" class=\"attachment-woocommerce_thumbnail size-woocommerce_thumbnail\" alt=\"Toptan \u00dc\u00e7 \u0130plik \u015eardonlu E\u015fofman Alt\u0131\" srcset=\"https:\/\/giyimtoptanciniz.com\/wp-content\/uploads\/2025\/10\/WhatsApp-Image-2025-10-07-at-13.49.06-2-450x450.jpeg 450w, https:\/\/giyimtoptanciniz.com\/wp-content\/uploads\/2025\/10\/WhatsApp-Image-2025-10-07-at-13.49.06-2-150x150.jpeg 150w, https:\/\/giyimtoptanciniz.com\/wp-content\/uploads\/2025\/10\/WhatsApp-Image-2025-10-07-at-13.49.06-2-100x100.jpeg 100w\" sizes=\"auto, (max-width: 450px) 100vw, 450px\" \/><\/div>\n\t\t\t\t\t<div class=\"wc-block-grid__product-title\">Toptan \u00dc\u00e7 \u0130plik \u015eardonlu E\u015fofman Alt\u0131<\/div>\n\t\t\t\t<\/a>\n\t\t\t\t<div class=\"wc-block-grid__product-price price\"><span class=\"woocommerce-Price-amount amount\"><span class=\"woocommerce-Price-currencySymbol\">&#8378;<\/span>0,00<\/span><\/div>\n\t\t\t\t\n\t\t\t\t<div class=\"wp-block-button wc-block-grid__product-add-to-cart\"><a href=\"\/index.php?rest_route=%2Fwp%2Fv2%2Fpages%2F9&#038;add-to-cart=422\" aria-label=\"Sepete ekle: \u201cToptan \u00dc\u00e7 \u0130plik \u015eardonlu E\u015fofman Alt\u0131\u201d\" data-quantity=\"1\" data-product_id=\"422\" data-product_sku=\"\" data-price=\"0\" rel=\"nofollow\" class=\"wp-block-button__link wp-element-button add_to_cart_button ajax_add_to_cart\">Sepete Ekle<\/a><\/div>\n\t\t\t<\/li><li class=\"wc-block-grid__product\">\n\t\t\t\t<a href=\"https:\/\/giyimtoptanciniz.com\/?product=toptan-uc-iplik-sardonlu-esofman-alti-4\" class=\"wc-block-grid__product-link\">\n\t\t\t\t\t\n\t\t\t\t\t<div class=\"wc-block-grid__product-image\"><img loading=\"lazy\" decoding=\"async\" width=\"450\" height=\"450\" src=\"https:\/\/giyimtoptanciniz.com\/wp-content\/uploads\/2025\/10\/WhatsApp-Image-2025-10-07-at-13.49.06-1-450x450.jpeg\" class=\"attachment-woocommerce_thumbnail size-woocommerce_thumbnail\" alt=\"Toptan \u00dc\u00e7 \u0130plik \u015eardonlu E\u015fofman Alt\u0131\" srcset=\"https:\/\/giyimtoptanciniz.com\/wp-content\/uploads\/2025\/10\/WhatsApp-Image-2025-10-07-at-13.49.06-1-450x450.jpeg 450w, https:\/\/giyimtoptanciniz.com\/wp-content\/uploads\/2025\/10\/WhatsApp-Image-2025-10-07-at-13.49.06-1-150x150.jpeg 150w, https:\/\/giyimtoptanciniz.com\/wp-content\/uploads\/2025\/10\/WhatsApp-Image-2025-10-07-at-13.49.06-1-100x100.jpeg 100w\" sizes=\"auto, (max-width: 450px) 100vw, 450px\" \/><\/div>\n\t\t\t\t\t<div class=\"wc-block-grid__product-title\">Toptan \u00dc\u00e7 \u0130plik \u015eardonlu E\u015fofman Alt\u0131<\/div>\n\t\t\t\t<\/a>\n\t\t\t\t<div class=\"wc-block-grid__product-price price\"><span class=\"woocommerce-Price-amount amount\"><span class=\"woocommerce-Price-currencySymbol\">&#8378;<\/span>0,00<\/span><\/div>\n\t\t\t\t\n\t\t\t\t<div class=\"wp-block-button wc-block-grid__product-add-to-cart\"><a href=\"\/index.php?rest_route=%2Fwp%2Fv2%2Fpages%2F9&#038;add-to-cart=421\" aria-label=\"Sepete ekle: \u201cToptan \u00dc\u00e7 \u0130plik \u015eardonlu E\u015fofman Alt\u0131\u201d\" data-quantity=\"1\" data-product_id=\"421\" data-product_sku=\"\" data-price=\"0\" rel=\"nofollow\" class=\"wp-block-button__link wp-element-button add_to_cart_button ajax_add_to_cart\">Sepete Ekle<\/a><\/div>\n\t\t\t<\/li><li class=\"wc-block-grid__product\">\n\t\t\t\t<a href=\"https:\/\/giyimtoptanciniz.com\/?product=toptan-uc-iplik-sardonlu-esofman-alti-3\" class=\"wc-block-grid__product-link\">\n\t\t\t\t\t\n\t\t\t\t\t<div class=\"wc-block-grid__product-image\"><img loading=\"lazy\" decoding=\"async\" width=\"450\" height=\"450\" src=\"https:\/\/giyimtoptanciniz.com\/wp-content\/uploads\/2025\/10\/WhatsApp-Image-2025-10-07-at-13.49.06-450x450.jpeg\" class=\"attachment-woocommerce_thumbnail size-woocommerce_thumbnail\" alt=\"Toptan \u00dc\u00e7 \u0130plik \u015eardonlu E\u015fofman Alt\u0131\" srcset=\"https:\/\/giyimtoptanciniz.com\/wp-content\/uploads\/2025\/10\/WhatsApp-Image-2025-10-07-at-13.49.06-450x450.jpeg 450w, https:\/\/giyimtoptanciniz.com\/wp-content\/uploads\/2025\/10\/WhatsApp-Image-2025-10-07-at-13.49.06-150x150.jpeg 150w, https:\/\/giyimtoptanciniz.com\/wp-content\/uploads\/2025\/10\/WhatsApp-Image-2025-10-07-at-13.49.06-100x100.jpeg 100w\" sizes=\"auto, (max-width: 450px) 100vw, 450px\" \/><\/div>\n\t\t\t\t\t<div class=\"wc-block-grid__product-title\">Toptan \u00dc\u00e7 \u0130plik \u015eardonlu E\u015fofman Alt\u0131<\/div>\n\t\t\t\t<\/a>\n\t\t\t\t<div class=\"wc-block-grid__product-price price\"><span class=\"woocommerce-Price-amount amount\"><span class=\"woocommerce-Price-currencySymbol\">&#8378;<\/span>0,00<\/span><\/div>\n\t\t\t\t\n\t\t\t\t<div class=\"wp-block-button wc-block-grid__product-add-to-cart\"><a href=\"\/index.php?rest_route=%2Fwp%2Fv2%2Fpages%2F9&#038;add-to-cart=418\" aria-label=\"Sepete ekle: \u201cToptan \u00dc\u00e7 \u0130plik \u015eardonlu E\u015fofman Alt\u0131\u201d\" data-quantity=\"1\" data-product_id=\"418\" data-product_sku=\"\" data-price=\"0\" rel=\"nofollow\" class=\"wp-block-button__link wp-element-button add_to_cart_button ajax_add_to_cart\">Sepete Ekle<\/a><\/div>\n\t\t\t<\/li><\/ul><\/div><\/div>\n<\/div>\n","protected":false},"excerpt":{"rendered":"","protected":false},"author":1,"featured_media":0,"parent":0,"menu_order":0,"comment_status":"closed","ping_status":"closed","template":"","meta":{"footnotes":""},"class_list":["post-9","page","type-page","status-publish","hentry"],"yoast_head":"<!-- This site is optimized with the Yoast SEO plugin v25.9 - https:\/\/yoast.com\/wordpress\/plugins\/seo\/ -->\n<title>Sepet - Giyim Toptanc\u0131n\u0131z<\/title>\n<meta name=\"robots\" content=\"index, follow, max-snippet:-1, max-image-preview:large, max-video-preview:-1\" \/>\n<link rel=\"canonical\" href=\"https:\/\/giyimtoptanciniz.com\/?page_id=9\" \/>\n<meta property=\"og:locale\" content=\"tr_TR\" \/>\n<meta property=\"og:type\" content=\"article\" \/>\n<meta property=\"og:title\" content=\"Sepet - Giyim Toptanc\u0131n\u0131z\" \/>\n<meta property=\"og:url\" content=\"https:\/\/giyimtoptanciniz.com\/?page_id=9\" \/>\n<meta property=\"og:site_name\" content=\"Giyim Toptanc\u0131n\u0131z\" \/>\n<meta property=\"article:publisher\" content=\"https:\/\/www.facebook.com\/profile.php?id=61556286356754\" \/>\n<meta property=\"article:modified_time\" content=\"2025-08-21T15:15:13+00:00\" \/>\n<meta name=\"twitter:card\" content=\"summary_large_image\" \/>\n<script type=\"application\/ld+json\" class=\"yoast-schema-graph\">{\"@context\":\"https:\/\/schema.org\",\"@graph\":[{\"@type\":\"WebPage\",\"@id\":\"https:\/\/giyimtoptanciniz.com\/?page_id=9\",\"url\":\"https:\/\/giyimtoptanciniz.com\/?page_id=9\",\"name\":\"Sepet - Giyim Toptanc\u0131n\u0131z\",\"isPartOf\":{\"@id\":\"https:\/\/giyimtoptanciniz.com\/#website\"},\"datePublished\":\"2025-08-21T15:09:16+00:00\",\"dateModified\":\"2025-08-21T15:15:13+00:00\",\"breadcrumb\":{\"@id\":\"https:\/\/giyimtoptanciniz.com\/?page_id=9#breadcrumb\"},\"inLanguage\":\"tr\",\"potentialAction\":[{\"@type\":\"ReadAction\",\"target\":[\"https:\/\/giyimtoptanciniz.com\/?page_id=9\"]}]},{\"@type\":\"BreadcrumbList\",\"@id\":\"https:\/\/giyimtoptanciniz.com\/?page_id=9#breadcrumb\",\"itemListElement\":[{\"@type\":\"ListItem\",\"position\":1,\"name\":\"Anasayfa\",\"item\":\"https:\/\/giyimtoptanciniz.com\/\"},{\"@type\":\"ListItem\",\"position\":2,\"name\":\"Sepet\"}]},{\"@type\":\"WebSite\",\"@id\":\"https:\/\/giyimtoptanciniz.com\/#website\",\"url\":\"https:\/\/giyimtoptanciniz.com\/\",\"name\":\"Giyim Toptanc\u0131n\u0131z\",\"description\":\"\",\"potentialAction\":[{\"@type\":\"SearchAction\",\"target\":{\"@type\":\"EntryPoint\",\"urlTemplate\":\"https:\/\/giyimtoptanciniz.com\/?s={search_term_string}\"},\"query-input\":{\"@type\":\"PropertyValueSpecification\",\"valueRequired\":true,\"valueName\":\"search_term_string\"}}],\"inLanguage\":\"tr\"}]}<\/script>\n<!-- \/ Yoast SEO plugin. -->","yoast_head_json":{"title":"Sepet - Giyim Toptanc\u0131n\u0131z","robots":{"index":"index","follow":"follow","max-snippet":"max-snippet:-1","max-image-preview":"max-image-preview:large","max-video-preview":"max-video-preview:-1"},"canonical":"https:\/\/giyimtoptanciniz.com\/?page_id=9","og_locale":"tr_TR","og_type":"article","og_title":"Sepet - Giyim Toptanc\u0131n\u0131z","og_url":"https:\/\/giyimtoptanciniz.com\/?page_id=9","og_site_name":"Giyim Toptanc\u0131n\u0131z","article_publisher":"https:\/\/www.facebook.com\/profile.php?id=61556286356754","article_modified_time":"2025-08-21T15:15:13+00:00","twitter_card":"summary_large_image","schema":{"@context":"https:\/\/schema.org","@graph":[{"@type":"WebPage","@id":"https:\/\/giyimtoptanciniz.com\/?page_id=9","url":"https:\/\/giyimtoptanciniz.com\/?page_id=9","name":"Sepet - Giyim Toptanc\u0131n\u0131z","isPartOf":{"@id":"https:\/\/giyimtoptanciniz.com\/#website"},"datePublished":"2025-08-21T15:09:16+00:00","dateModified":"2025-08-21T15:15:13+00:00","breadcrumb":{"@id":"https:\/\/giyimtoptanciniz.com\/?page_id=9#breadcrumb"},"inLanguage":"tr","potentialAction":[{"@type":"ReadAction","target":["https:\/\/giyimtoptanciniz.com\/?page_id=9"]}]},{"@type":"BreadcrumbList","@id":"https:\/\/giyimtoptanciniz.com\/?page_id=9#breadcrumb","itemListElement":[{"@type":"ListItem","position":1,"name":"Anasayfa","item":"https:\/\/giyimtoptanciniz.com\/"},{"@type":"ListItem","position":2,"name":"Sepet"}]},{"@type":"WebSite","@id":"https:\/\/giyimtoptanciniz.com\/#website","url":"https:\/\/giyimtoptanciniz.com\/","name":"Giyim Toptanc\u0131n\u0131z","description":"","potentialAction":[{"@type":"SearchAction","target":{"@type":"EntryPoint","urlTemplate":"https:\/\/giyimtoptanciniz.com\/?s={search_term_string}"},"query-input":{"@type":"PropertyValueSpecification","valueRequired":true,"valueName":"search_term_string"}}],"inLanguage":"tr"}]}},"_links":{"self":[{"href":"https:\/\/giyimtoptanciniz.com\/index.php?rest_route=\/wp\/v2\/pages\/9","targetHints":{"allow":["GET"]}}],"collection":[{"href":"https:\/\/giyimtoptanciniz.com\/index.php?rest_route=\/wp\/v2\/pages"}],"about":[{"href":"https:\/\/giyimtoptanciniz.com\/index.php?rest_route=\/wp\/v2\/types\/page"}],"author":[{"embeddable":true,"href":"https:\/\/giyimtoptanciniz.com\/index.php?rest_route=\/wp\/v2\/users\/1"}],"replies":[{"embeddable":true,"href":"https:\/\/giyimtoptanciniz.com\/index.php?rest_route=%2Fwp%2Fv2%2Fcomments&post=9"}],"version-history":[{"count":1,"href":"https:\/\/giyimtoptanciniz.com\/index.php?rest_route=\/wp\/v2\/pages\/9\/revisions"}],"predecessor-version":[{"id":13,"href":"https:\/\/giyimtoptanciniz.com\/index.php?rest_route=\/wp\/v2\/pages\/9\/revisions\/13"}],"wp:attachment":[{"href":"https:\/\/giyimtoptanciniz.com\/index.php?rest_route=%2Fwp%2Fv2%2Fmedia&parent=9"}],"curies":[{"name":"wp","href":"https:\/\/api.w.org\/{rel}","templated":true}]}}